{"id":140003,"date":"2026-04-06T04:12:37","date_gmt":"2026-04-06T04:12:37","guid":{"rendered":"https:\/\/heegermetal.com\/?p=140003"},"modified":"2026-04-06T04:12:37","modified_gmt":"2026-04-06T04:12:37","slug":"privacy-policy","status":"publish","type":"page","link":"https:\/\/heegermetal.com\/fr\/privacy-policy\/","title":{"rendered":"Politique de confidentialit\u00e9"},"content":{"rendered":"<style>.kb-row-layout-idpp01_main > .kt-row-column-wrap{align-content:start;}:where(.kb-row-layout-idpp01_main > .kt-row-column-wrap) > .wp-block-kadence-column{justify-content:start;}.kb-row-layout-idpp01_main > .kt-row-column-wrap{column-gap:var(--global-kb-gap-md, 2rem);row-gap:var(--global-kb-gap-md, 2rem);max-width:var( --global-content-width, 1290px );padding-left:var(--global-content-edge-padding);padding-right:var(--global-content-edge-padding);padding-top:var(--global-kb-spacing-md, 2rem);padding-bottom:var(--global-kb-spacing-md, 2rem);grid-template-columns:minmax(0, 1fr);}.kb-row-layout-idpp01_main > .kt-row-layout-overlay{opacity:0.30;}@media all and (max-width: 1024px){.kb-row-layout-idpp01_main > .kt-row-column-wrap{grid-template-columns:minmax(0, 1fr);}}@media all and (max-width: 767px){.kb-row-layout-idpp01_main > .kt-row-column-wrap{grid-template-columns:minmax(0, 1fr);}}<\/style><div class=\"kb-row-layout-wrap kb-row-layout-idpp01_main alignnone wp-block-kadence-rowlayout\"><div class=\"kt-row-column-wrap kt-has-1-columns kt-row-layout-equal kt-tab-layout-inherit kt-mobile-layout-row kt-row-valign-top kb-theme-content-width\">\n<style>.kadence-columnpp01_main_col > .kt-inside-inner-col,.kadence-columnpp01_main_col > .kt-inside-inner-col:before{border-top-left-radius:0px;border-top-right-radius:0px;border-bottom-right-radius:0px;border-bottom-left-radius:0px;}.kadence-columnpp01_main_col > .kt-inside-inner-col{column-gap:var(--global-kb-gap-sm, 1rem);}.kadence-columnpp01_main_col > .kt-inside-inner-col{flex-direction:column;}.kadence-columnpp01_main_col > .kt-inside-inner-col > .aligncenter{width:100%;}.kadence-columnpp01_main_col > .kt-inside-inner-col:before{opacity:0.3;}.kadence-columnpp01_main_col{position:relative;}@media all and (max-width: 1024px){.kadence-columnpp01_main_col > .kt-inside-inner-col{flex-direction:column;justify-content:center;}}@media all and (max-width: 767px){.kadence-columnpp01_main_col > .kt-inside-inner-col{flex-direction:column;justify-content:center;}}<\/style>\n<div class=\"wp-block-kadence-column kadence-column_pp01_main_col\"><div class=\"kt-inside-inner-col\"><style>.wp-block-kadence-advancedheading.kt-adv-headingpp01_h1, .wp-block-kadence-advancedheading.kt-adv-headingpp01_h1[data-kb-block=\"kb-adv-headingpp01_h1\"]{margin-bottom:20px;font-style:normal;}.wp-block-kadence-advancedheading.kt-adv-headingpp01_h1 mark.kt-highlight, .wp-block-kadence-advancedheading.kt-adv-headingpp01_h1[data-kb-block=\"kb-adv-headingpp01_h1\"] mark.kt-highlight{font-style:normal;color:#f76a0c;-webkit-box-decoration-break:clone;box-decoration-break:clone;padding-top:0px;padding-right:0px;padding-bottom:0px;padding-left:0px;}.wp-block-kadence-advancedheading.kt-adv-headingpp01_h1 img.kb-inline-image, .wp-block-kadence-advancedheading.kt-adv-headingpp01_h1[data-kb-block=\"kb-adv-headingpp01_h1\"] img.kb-inline-image{width:150px;vertical-align:baseline;}<\/style>\n<h2 class=\"kt-adv-heading_pp01_h1 wp-block-kadence-advancedheading\" data-kb-block=\"kb-adv-heading_pp01_h1\">What information do we collect?<\/h2>\n\n\n\n<p>We collect information from you when you place an order, subscribe to our newsletter, or fill out a form. When ordering or registering on our site, as appropriate, you may be asked to enter your name, e-mail address, or phone number.<\/p>\n\n\n<style>.wp-block-kadence-advancedheading.kt-adv-headingpp01_h2, .wp-block-kadence-advancedheading.kt-adv-headingpp01_h2[data-kb-block=\"kb-adv-headingpp01_h2\"]{margin-top:30px;margin-bottom:20px;font-style:normal;}.wp-block-kadence-advancedheading.kt-adv-headingpp01_h2 mark.kt-highlight, .wp-block-kadence-advancedheading.kt-adv-headingpp01_h2[data-kb-block=\"kb-adv-headingpp01_h2\"] mark.kt-highlight{font-style:normal;color:#f76a0c;-webkit-box-decoration-break:clone;box-decoration-break:clone;padding-top:0px;padding-right:0px;padding-bottom:0px;padding-left:0px;}.wp-block-kadence-advancedheading.kt-adv-headingpp01_h2 img.kb-inline-image, .wp-block-kadence-advancedheading.kt-adv-headingpp01_h2[data-kb-block=\"kb-adv-headingpp01_h2\"] img.kb-inline-image{width:150px;vertical-align:baseline;}<\/style>\n<h2 class=\"kt-adv-heading_pp01_h2 wp-block-kadence-advancedheading\" data-kb-block=\"kb-adv-heading_pp01_h2\">What do we use your information for?<\/h2>\n\n\n\n<p>Any of the information we collect from you may be used in one of the following ways:<\/p>\n\n\n\n<ol class=\"wp-block-list\"><li>To improve customer service (your information helps us to more effectively respond to your customer service requests and support needs)<\/li><li>To improve our website (we continually strive to improve our website offerings based on the information and feedback we receive from you)<\/li><\/ol>\n\n\n<style>.wp-block-kadence-advancedheading.kt-adv-headingpp01_h3, .wp-block-kadence-advancedheading.kt-adv-headingpp01_h3[data-kb-block=\"kb-adv-headingpp01_h3\"]{margin-top:30px;margin-bottom:20px;font-style:normal;}.wp-block-kadence-advancedheading.kt-adv-headingpp01_h3 mark.kt-highlight, .wp-block-kadence-advancedheading.kt-adv-headingpp01_h3[data-kb-block=\"kb-adv-headingpp01_h3\"] mark.kt-highlight{font-style:normal;color:#f76a0c;-webkit-box-decoration-break:clone;box-decoration-break:clone;padding-top:0px;padding-right:0px;padding-bottom:0px;padding-left:0px;}.wp-block-kadence-advancedheading.kt-adv-headingpp01_h3 img.kb-inline-image, .wp-block-kadence-advancedheading.kt-adv-headingpp01_h3[data-kb-block=\"kb-adv-headingpp01_h3\"] img.kb-inline-image{width:150px;vertical-align:baseline;}<\/style>\n<h2 class=\"kt-adv-heading_pp01_h3 wp-block-kadence-advancedheading\" data-kb-block=\"kb-adv-heading_pp01_h3\">How do we protect your information?<\/h2>\n\n\n\n<p>We implement a variety of security measures to maintain the safety of your personal information when you place an order. We offer the use of a secure server. All supplied sensitive\/credit information is transmitted via Secure Socket Layer (SSL) technology and then encrypted into our payment gateway providers database only to be accessible by those authorized with special access rights to such systems, and are required to keep the information confidential. After a transaction, your private information (credit cards, social security numbers, financials, etc.) will not be kept on file for more than 60 days.<\/p>\n\n\n<style>.wp-block-kadence-advancedheading.kt-adv-headingpp01_h4, .wp-block-kadence-advancedheading.kt-adv-headingpp01_h4[data-kb-block=\"kb-adv-headingpp01_h4\"]{margin-top:30px;margin-bottom:20px;font-style:normal;}.wp-block-kadence-advancedheading.kt-adv-headingpp01_h4 mark.kt-highlight, .wp-block-kadence-advancedheading.kt-adv-headingpp01_h4[data-kb-block=\"kb-adv-headingpp01_h4\"] mark.kt-highlight{font-style:normal;color:#f76a0c;-webkit-box-decoration-break:clone;box-decoration-break:clone;padding-top:0px;padding-right:0px;padding-bottom:0px;padding-left:0px;}.wp-block-kadence-advancedheading.kt-adv-headingpp01_h4 img.kb-inline-image, .wp-block-kadence-advancedheading.kt-adv-headingpp01_h4[data-kb-block=\"kb-adv-headingpp01_h4\"] img.kb-inline-image{width:150px;vertical-align:baseline;}<\/style>\n<h2 class=\"kt-adv-heading_pp01_h4 wp-block-kadence-advancedheading\" data-kb-block=\"kb-adv-heading_pp01_h4\">Do we use cookies?<\/h2>\n\n\n\n<p>Yes (Cookies are small files that a site or its service provider transfers to your computer&#8217;s hard drive through your web browser (if you allow) that enable the sites or service provider systems to recognize your browser and capture and remember certain information. We use cookies to understand and save your preferences for future visits.<\/p>\n\n\n<style>.wp-block-kadence-advancedheading.kt-adv-headingpp01_h5, .wp-block-kadence-advancedheading.kt-adv-headingpp01_h5[data-kb-block=\"kb-adv-headingpp01_h5\"]{margin-top:30px;margin-bottom:20px;font-style:normal;}.wp-block-kadence-advancedheading.kt-adv-headingpp01_h5 mark.kt-highlight, .wp-block-kadence-advancedheading.kt-adv-headingpp01_h5[data-kb-block=\"kb-adv-headingpp01_h5\"] mark.kt-highlight{font-style:normal;color:#f76a0c;-webkit-box-decoration-break:clone;box-decoration-break:clone;padding-top:0px;padding-right:0px;padding-bottom:0px;padding-left:0px;}.wp-block-kadence-advancedheading.kt-adv-headingpp01_h5 img.kb-inline-image, .wp-block-kadence-advancedheading.kt-adv-headingpp01_h5[data-kb-block=\"kb-adv-headingpp01_h5\"] img.kb-inline-image{width:150px;vertical-align:baseline;}<\/style>\n<h2 class=\"kt-adv-heading_pp01_h5 wp-block-kadence-advancedheading\" data-kb-block=\"kb-adv-heading_pp01_h5\">Do we disclose any information to outside parties?<\/h2>\n\n\n\n<p>We do not sell, trade, or otherwise transfer to outside parties your personally identifiable information. This does not include trusted third parties who assist us in operating our website, conducting our business, or servicing you, so long as those parties agree to keep this information confidential. We may also release your information when we believe it is appropriate to comply with the law, enforce our site policies, or protect our or others&#8217; rights, property, or safety. However, non-personally identifiable visitor information may be provided to other parties for marketing, advertising, or other uses.<\/p>\n\n\n<style>.wp-block-kadence-advancedheading.kt-adv-headingpp01_h6, .wp-block-kadence-advancedheading.kt-adv-headingpp01_h6[data-kb-block=\"kb-adv-headingpp01_h6\"]{margin-top:30px;margin-bottom:20px;font-style:normal;}.wp-block-kadence-advancedheading.kt-adv-headingpp01_h6 mark.kt-highlight, .wp-block-kadence-advancedheading.kt-adv-headingpp01_h6[data-kb-block=\"kb-adv-headingpp01_h6\"] mark.kt-highlight{font-style:normal;color:#f76a0c;-webkit-box-decoration-break:clone;box-decoration-break:clone;padding-top:0px;padding-right:0px;padding-bottom:0px;padding-left:0px;}.wp-block-kadence-advancedheading.kt-adv-headingpp01_h6 img.kb-inline-image, .wp-block-kadence-advancedheading.kt-adv-headingpp01_h6[data-kb-block=\"kb-adv-headingpp01_h6\"] img.kb-inline-image{width:150px;vertical-align:baseline;}<\/style>\n<h2 class=\"kt-adv-heading_pp01_h6 wp-block-kadence-advancedheading\" data-kb-block=\"kb-adv-heading_pp01_h6\">Children Online Privacy Protection Act Compliance<\/h2>\n\n\n\n<p>We comply with the requirements of COPPA (Children&#8217;s Online Privacy Protection Act). We do not collect any information from anyone under 13 years of age. Our website, products, and services are all directed to people who are at least 13 years old or older.<\/p>\n\n\n<style>.wp-block-kadence-advancedheading.kt-adv-headingpp01_h7, .wp-block-kadence-advancedheading.kt-adv-headingpp01_h7[data-kb-block=\"kb-adv-headingpp01_h7\"]{margin-top:30px;margin-bottom:20px;font-style:normal;}.wp-block-kadence-advancedheading.kt-adv-headingpp01_h7 mark.kt-highlight, .wp-block-kadence-advancedheading.kt-adv-headingpp01_h7[data-kb-block=\"kb-adv-headingpp01_h7\"] mark.kt-highlight{font-style:normal;color:#f76a0c;-webkit-box-decoration-break:clone;box-decoration-break:clone;padding-top:0px;padding-right:0px;padding-bottom:0px;padding-left:0px;}.wp-block-kadence-advancedheading.kt-adv-headingpp01_h7 img.kb-inline-image, .wp-block-kadence-advancedheading.kt-adv-headingpp01_h7[data-kb-block=\"kb-adv-headingpp01_h7\"] img.kb-inline-image{width:150px;vertical-align:baseline;}<\/style>\n<h2 class=\"kt-adv-heading_pp01_h7 wp-block-kadence-advancedheading\" data-kb-block=\"kb-adv-heading_pp01_h7\">Your Consent<\/h2>\n\n\n\n<p>By using our site, you give consent to our privacy policy.<\/p>\n\n\n<style>.wp-block-kadence-advancedheading.kt-adv-headingpp01_h8, .wp-block-kadence-advancedheading.kt-adv-headingpp01_h8[data-kb-block=\"kb-adv-headingpp01_h8\"]{margin-top:30px;margin-bottom:20px;font-style:normal;}.wp-block-kadence-advancedheading.kt-adv-headingpp01_h8 mark.kt-highlight, .wp-block-kadence-advancedheading.kt-adv-headingpp01_h8[data-kb-block=\"kb-adv-headingpp01_h8\"] mark.kt-highlight{font-style:normal;color:#f76a0c;-webkit-box-decoration-break:clone;box-decoration-break:clone;padding-top:0px;padding-right:0px;padding-bottom:0px;padding-left:0px;}.wp-block-kadence-advancedheading.kt-adv-headingpp01_h8 img.kb-inline-image, .wp-block-kadence-advancedheading.kt-adv-headingpp01_h8[data-kb-block=\"kb-adv-headingpp01_h8\"] img.kb-inline-image{width:150px;vertical-align:baseline;}<\/style>\n<h2 class=\"kt-adv-heading_pp01_h8 wp-block-kadence-advancedheading\" data-kb-block=\"kb-adv-heading_pp01_h8\">Changes to our Privacy Policy<\/h2>\n\n\n\n<p>Any changes made to our privacy policy will be posted on this page.<\/p>\n\n\n<style>.wp-block-kadence-advancedheading.kt-adv-headingpp01_h9, .wp-block-kadence-advancedheading.kt-adv-headingpp01_h9[data-kb-block=\"kb-adv-headingpp01_h9\"]{margin-top:30px;margin-bottom:20px;font-style:normal;}.wp-block-kadence-advancedheading.kt-adv-headingpp01_h9 mark.kt-highlight, .wp-block-kadence-advancedheading.kt-adv-headingpp01_h9[data-kb-block=\"kb-adv-headingpp01_h9\"] mark.kt-highlight{font-style:normal;color:#f76a0c;-webkit-box-decoration-break:clone;box-decoration-break:clone;padding-top:0px;padding-right:0px;padding-bottom:0px;padding-left:0px;}.wp-block-kadence-advancedheading.kt-adv-headingpp01_h9 img.kb-inline-image, .wp-block-kadence-advancedheading.kt-adv-headingpp01_h9[data-kb-block=\"kb-adv-headingpp01_h9\"] img.kb-inline-image{width:150px;vertical-align:baseline;}<\/style>\n<h2 class=\"kt-adv-heading_pp01_h9 wp-block-kadence-advancedheading\" data-kb-block=\"kb-adv-heading_pp01_h9\">Contacting Us<\/h2>\n\n\n\n<p>If there are any questions regarding this privacy policy you may contact us using the information below.<\/p>\n\n\n\n<p><strong><a href=\"https:\/\/heegermetal.com\/about\/\">Heeger Metal<\/a><\/strong>.<\/p>\n\n\n\n<p><strong>230 Steele St Denver<\/strong><\/p>\n\n\n\n<p><strong>CO 80206<\/strong><\/p>\n\n\n\n<p><strong>United States<\/strong><\/p>\n\n\n\n<p>Phone: +1 925-385-8104, 1-833-222-8587<\/p>\n\n\n\n<p>Email: max@heegermaterials.com<\/p>\n<\/div><\/div>\n\n<\/div><\/div>","protected":false},"excerpt":{"rendered":"<p>Quelles sont les informations que nous recueillons ? Nous recueillons des informations aupr\u00e8s de vous lorsque vous passez une commande, que vous vous abonnez \u00e0 notre bulletin d'information ou que vous remplissez un formulaire. Lors d'une commande ou d'un enregistrement sur notre site, il peut vous \u00eatre demand\u00e9 d'indiquer votre nom, votre adresse \u00e9lectronique ou votre num\u00e9ro de t\u00e9l\u00e9phone. \u00c0 quelles fins utilisons-nous vos informations ? Toutes les...<\/p>","protected":false},"author":1,"featured_media":240003,"parent":0,"menu_order":0,"comment_status":"closed","ping_status":"closed","template":"","meta":{"_acf_changed":false,"_kad_blocks_custom_css":"","_kad_blocks_head_custom_js":"","_kad_blocks_body_custom_js":"","_kad_blocks_footer_custom_js":"","_kad_post_transparent":"","_kad_post_title":"","_kad_post_layout":"","_kad_post_sidebar_id":"","_kad_post_content_style":"","_kad_post_vertical_padding":"","_kad_post_feature":"","_kad_post_feature_position":"","_kad_post_header":false,"_kad_post_footer":false,"_kad_post_classname":"","footnotes":""},"class_list":["post-140003","page","type-page","status-publish","has-post-thumbnail","hentry"],"acf":[],"taxonomy_info":[],"featured_image_src_large":["https:\/\/heegermetal.com\/wp-content\/uploads\/2024\/12\/cropped-logo-1-1.png",512,512,false],"author_info":{"display_name":"Molly","author_link":"https:\/\/heegermetal.com\/fr\/author\/molly\/"},"comment_info":0,"_links":{"self":[{"href":"https:\/\/heegermetal.com\/fr\/wp-json\/wp\/v2\/pages\/140003","targetHints":{"allow":["GET"]}}],"collection":[{"href":"https:\/\/heegermetal.com\/fr\/wp-json\/wp\/v2\/pages"}],"about":[{"href":"https:\/\/heegermetal.com\/fr\/wp-json\/wp\/v2\/types\/page"}],"author":[{"embeddable":true,"href":"https:\/\/heegermetal.com\/fr\/wp-json\/wp\/v2\/users\/1"}],"replies":[{"embeddable":true,"href":"https:\/\/heegermetal.com\/fr\/wp-json\/wp\/v2\/comments?post=140003"}],"version-history":[{"count":0,"href":"https:\/\/heegermetal.com\/fr\/wp-json\/wp\/v2\/pages\/140003\/revisions"}],"wp:featuredmedia":[{"embeddable":true,"href":"https:\/\/heegermetal.com\/fr\/wp-json\/wp\/v2\/media\/240003"}],"wp:attachment":[{"href":"https:\/\/heegermetal.com\/fr\/wp-json\/wp\/v2\/media?parent=140003"}],"curies":[{"name":"wp","href":"https:\/\/api.w.org\/{rel}","templated":true}]}}